{"id":116,"date":"2020-06-01T19:58:18","date_gmt":"2020-06-01T17:58:18","guid":{"rendered":"http:\/\/hair-beauty-point.de\/wordpress\/?page_id=116"},"modified":"2024-01-10T22:09:01","modified_gmt":"2024-01-10T21:09:01","slug":"services","status":"publish","type":"page","link":"https:\/\/hair-beauty-point.de\/wordpress\/services\/","title":{"rendered":"Services"},"content":{"rendered":"\n<p class=\"has-text-align-center has-text-color has-link-color has-large-font-size wp-elements-a0e93466618b7fc3bb68022992e865aa\" style=\"color:#eb11c3\"><strong>Unser Service<\/strong><\/p>\n\n\n\n<hr class=\"wp-block-separator has-alpha-channel-opacity\"\/>\n\n\n\n<p class=\"has-text-align-center\"><span style=\"background-color:rgba(0, 0, 0, 0)\" class=\"has-inline-color has-very-dark-gray-color\">In unserem Salon erwartet Sie eine individuelle Beratung in allen Haar- und Sch\u00f6nheitsfragen. Eine optimale Beratung bei dem sich jeder Kunde wohlf\u00fchlen wird sind dem gesamten Team des Hair &amp; Beauty POINTs sehr wichtig.<br>Wir werden Sie von Ihrem Alltagsstress entf\u00fchren und Ihnen das Gef\u00fchl eines Kurzurlaubes in unseren R\u00e4umen vermitteln.<\/span><\/p>\n\n\n\n<p><\/p>\n\n\n\n<figure class=\"wp-block-image aligncenter size-large is-resized\"><img loading=\"lazy\" decoding=\"async\" width=\"1007\" height=\"1024\" src=\"https:\/\/hair-beauty-point.de\/wordpress\/wp-content\/uploads\/2024\/01\/silhouette-3605401_1280-1007x1024.png\" alt=\"\" class=\"wp-image-582\" style=\"width:257px;height:auto\" srcset=\"https:\/\/hair-beauty-point.de\/wordpress\/wp-content\/uploads\/2024\/01\/silhouette-3605401_1280-1007x1024.png 1007w, https:\/\/hair-beauty-point.de\/wordpress\/wp-content\/uploads\/2024\/01\/silhouette-3605401_1280-295x300.png 295w, https:\/\/hair-beauty-point.de\/wordpress\/wp-content\/uploads\/2024\/01\/silhouette-3605401_1280.png 1259w\" sizes=\"(max-width: 1007px) 100vw, 1007px\" \/><\/figure>\n\n\n\n<p><\/p>\n\n\n\n<div class=\"wp-block-buttons is-content-justification-center is-layout-flex wp-container-core-buttons-layout-1 wp-block-buttons-is-layout-flex\">\n<div class=\"wp-block-button\"><a class=\"wp-block-button__link has-background wp-element-button\" href=\"https:\/\/hair-beauty-point.de\/wordpress\/services\/friseur\/\" style=\"background-color:#eb10c3c7\">Friseur<\/a><\/div>\n\n\n\n\n\n<div class=\"wp-block-button\"><a class=\"wp-block-button__link has-background wp-element-button\" href=\"https:\/\/hair-beauty-point.de\/wordpress\/services\/kosmetik\/\" style=\"background-color:#eb10c3c2\">Kosmetik<\/a><\/div>\n\n\n\n\n\n<div class=\"wp-block-button is-style-fill\"><a class=\"wp-block-button__link has-background has-text-align-center wp-element-button\" href=\"https:\/\/hair-beauty-point.de\/wordpress\/services\/fusspflege\/\" style=\"background-color:#eb10c3c4\">Fu\u00dfpflege &amp; Manicure<\/a><\/div>\n<\/div>\n\n\n\n<p><\/p>\n\n\n\n<div class=\"wp-block-columns is-layout-flex wp-container-core-columns-layout-1 wp-block-columns-is-layout-flex\">\n<div class=\"wp-block-column is-layout-flow wp-block-column-is-layout-flow\">\n<hr class=\"wp-block-separator has-alpha-channel-opacity\"\/>\n<\/div>\n<\/div>\n\n\n\n<h4 class=\"wp-block-heading has-text-align-center has-text-color has-link-color has-medium-font-size wp-elements-982310afe92ecbaa098893c5f91bd92e\" style=\"color:#eb11c3;text-transform:none\">Serviceleistungen f\u00fcr Sie:<\/h4>\n\n\n\n<figure class=\"wp-block-table is-style-stripes\"><table style=\"border-width:14px\"><tbody><tr><td class=\"has-text-align-center\" data-align=\"center\"><strong>Beratung:<\/strong><br>Friseurdienstleitungen<br>Kosmetikbehandlungen<br>Manik\u00fcre<br>Waxing<br>Fu\u00dfpflege nach kosmetischer Art<\/td><td class=\"has-text-align-center\" data-align=\"center\">Geschenkgutscheine<\/td><\/tr><tr><td class=\"has-text-align-center\" data-align=\"center\">Geschultes Fachpersonal<\/td><td class=\"has-text-align-center\" data-align=\"center\">Parkpl\u00e4tze am Haus<\/td><\/tr><tr><td class=\"has-text-align-center\" data-align=\"center\">Spezielle Kinderpreise <\/td><td class=\"has-text-align-center\" data-align=\"center\">Bushaltestelle ca. 20m<\/td><\/tr><tr><td class=\"has-text-align-center\" data-align=\"center\">Getr\u00e4nkeservice (Wasser, Kaffee, Tee)<\/td><td class=\"has-text-align-center\" data-align=\"center\">Taxiruf<\/td><\/tr><tr><td class=\"has-text-align-center\" data-align=\"center\">Friseur mit famili\u00e4rer Atmosph\u00e4re<\/td><td class=\"has-text-align-center\" data-align=\"center\">EC Kartenzahlung<\/td><\/tr><\/tbody><\/table><\/figure>\n\n\n\n<div class=\"wp-block-group is-horizontal is-content-justification-space-between is-nowrap is-layout-flex wp-container-core-group-layout-2 wp-block-group-is-layout-flex\">\n<div class=\"wp-block-group is-nowrap is-layout-flex wp-container-core-group-layout-1 wp-block-group-is-layout-flex\"><\/div>\n<\/div>\n\n\n\n<hr class=\"wp-block-separator has-alpha-channel-opacity\"\/>\n\n\n\n<h4 class=\"wp-block-heading has-text-align-center has-text-color has-link-color has-medium-font-size wp-elements-622dc06a6ddf78e50d72ccd6617b6bb9\" style=\"color:#eb11c3;font-style:normal;font-weight:600\">Wir freuen uns auf Ihren Besuch \u2013 Vereinbaren Sie gerne einen Termin unter 04141\/62248!<\/h4>\n","protected":false},"excerpt":{"rendered":"<p>Unser Service In unserem Salon erwartet Sie eine individuelle Beratung in allen Haar- und Sch\u00f6nheitsfragen. Eine optimale Beratung bei dem sich jeder Kunde wohlf\u00fchlen wird sind dem gesamten Team des Hair &amp; Beauty POINTs sehr wichtig.Wir werden Sie von Ihrem Alltagsstress entf\u00fchren und Ihnen das Gef\u00fchl eines Kurzurlaubes in unseren R\u00e4umen vermitteln. Serviceleistungen f\u00fcr Sie: &hellip; <\/p>\n<p class=\"link-more\"><a href=\"https:\/\/hair-beauty-point.de\/wordpress\/services\/\" class=\"more-link\">Read more<span class=\"screen-reader-text\"> &#8220;Services&#8221;<\/span><\/a><\/p>\n","protected":false},"author":3,"featured_media":0,"parent":0,"menu_order":0,"comment_status":"closed","ping_status":"closed","template":"","meta":{"footnotes":""},"_links":{"self":[{"href":"https:\/\/hair-beauty-point.de\/wordpress\/wp-json\/wp\/v2\/pages\/116"}],"collection":[{"href":"https:\/\/hair-beauty-point.de\/wordpress\/wp-json\/wp\/v2\/pages"}],"about":[{"href":"https:\/\/hair-beauty-point.de\/wordpress\/wp-json\/wp\/v2\/types\/page"}],"author":[{"embeddable":true,"href":"https:\/\/hair-beauty-point.de\/wordpress\/wp-json\/wp\/v2\/users\/3"}],"replies":[{"embeddable":true,"href":"https:\/\/hair-beauty-point.de\/wordpress\/wp-json\/wp\/v2\/comments?post=116"}],"version-history":[{"count":28,"href":"https:\/\/hair-beauty-point.de\/wordpress\/wp-json\/wp\/v2\/pages\/116\/revisions"}],"predecessor-version":[{"id":594,"href":"https:\/\/hair-beauty-point.de\/wordpress\/wp-json\/wp\/v2\/pages\/116\/revisions\/594"}],"wp:attachment":[{"href":"https:\/\/hair-beauty-point.de\/wordpress\/wp-json\/wp\/v2\/media?parent=116"}],"curies":[{"name":"wp","href":"https:\/\/api.w.org\/{rel}","templated":true}]}}