{"id":134,"date":"2020-06-03T20:16:31","date_gmt":"2020-06-03T18:16:31","guid":{"rendered":"http:\/\/hair-beauty-point.de\/wordpress\/?page_id=134"},"modified":"2024-01-13T01:01:24","modified_gmt":"2024-01-13T00:01:24","slug":"kosmetik","status":"publish","type":"page","link":"http:\/\/hair-beauty-point.de\/wordpress\/services\/kosmetik\/","title":{"rendered":"Kosmetik"},"content":{"rendered":"\n<figure class=\"wp-block-image alignfull size-large is-style-default\"><img loading=\"lazy\" decoding=\"async\" width=\"1024\" height=\"160\" src=\"http:\/\/hair-beauty-point.de\/wordpress\/wp-content\/uploads\/2020\/06\/1-2-1024x160.png\" alt=\"\" class=\"wp-image-291\" srcset=\"http:\/\/hair-beauty-point.de\/wordpress\/wp-content\/uploads\/2020\/06\/1-2-1024x160.png 1024w, http:\/\/hair-beauty-point.de\/wordpress\/wp-content\/uploads\/2020\/06\/1-2-300x47.png 300w, http:\/\/hair-beauty-point.de\/wordpress\/wp-content\/uploads\/2020\/06\/1-2-768x120.png 768w, http:\/\/hair-beauty-point.de\/wordpress\/wp-content\/uploads\/2020\/06\/1-2-1536x240.png 1536w, http:\/\/hair-beauty-point.de\/wordpress\/wp-content\/uploads\/2020\/06\/1-2.png 1920w\" sizes=\"(max-width: 1024px) 100vw, 1024px\" \/><\/figure>\n\n\n\n<p><span style=\"background-color:rgba(0, 0, 0, 0)\" class=\"has-inline-color has-very-dark-gray-color\">In unserer Kosmetikkabine helfen wir Ihnen gerne bei kleineren und gr\u00f6\u00dferen Hautproblemen. Genauso geh\u00f6ren Gesichts- und Dekollet\u00e9massagen zum Wohlf\u00fchlprogramm bei der 90-min\u00fctigen Kosmetikbehandlung dazu. Zu Ihrem pers\u00f6nlichen Anlass stimmen wir gerne Make Up und Manik\u00fcre aufeinander ab.<\/span><\/p>\n\n\n\n<p><span style=\"background-color:rgba(0, 0, 0, 0)\" class=\"has-inline-color has-very-dark-gray-color\"><strong>Kosmetikbehandlung 90 Min<\/strong><\/span><strong><span style=\"background-color:rgba(0, 0, 0, 0)\" class=\"has-inline-color has-very-dark-gray-color\">uten<\/span><\/strong><\/p>\n\n\n\n<ul>\n<li><span style=\"background-color:rgba(0, 0, 0, 0)\" class=\"has-inline-color has-very-dark-gray-color\">Gesichtsreinigung (Gesicht, Hals, Dekollet\u00e9)<\/span><\/li>\n\n\n\n<li><span style=\"background-color:rgba(0, 0, 0, 0)\" class=\"has-inline-color has-very-dark-gray-color\">Peeling<\/span><\/li>\n\n\n\n<li><span style=\"background-color:rgba(0, 0, 0, 0)\" class=\"has-inline-color has-very-dark-gray-color\">Vapozon<\/span><\/li>\n\n\n\n<li><span style=\"background-color:rgba(0, 0, 0, 0)\" class=\"has-inline-color has-very-dark-gray-color\">Tiefenreinigung<\/span><\/li>\n\n\n\n<li><span style=\"background-color:rgba(0, 0, 0, 0)\" class=\"has-inline-color has-very-dark-gray-color\">Gesichtsmassage (Gesicht, Hals, Dekollet\u00e9)<\/span><\/li>\n\n\n\n<li><span style=\"background-color:rgba(0, 0, 0, 0)\" class=\"has-inline-color has-very-dark-gray-color\">Gesichtspackung<\/span><\/li>\n\n\n\n<li><span style=\"background-color:rgba(0, 0, 0, 0)\" class=\"has-inline-color has-very-dark-gray-color\">Augenbrauen zupfen<\/span><\/li>\n\n\n\n<li><span style=\"background-color:rgba(0, 0, 0, 0)\" class=\"has-inline-color has-very-dark-gray-color\">Tagespflege<\/span><\/li>\n<\/ul>\n\n\n\n<p><strong><span class=\"has-inline-color has-very-dark-gray-color\">Unsere weiteren Empfehlungen f\u00fcr Sie<\/span><\/strong><\/p>\n\n\n\n<ul>\n<li><span style=\"background-color:rgba(0, 0, 0, 0)\" class=\"has-inline-color has-very-dark-gray-color\">Augenmaske<\/span><\/li>\n\n\n\n<li><span style=\"background-color:rgba(0, 0, 0, 0)\" class=\"has-inline-color has-very-dark-gray-color\">Augenbrauen und Wimpern f\u00e4rben <\/span><\/li>\n\n\n\n<li><span style=\"background-color:rgba(0, 0, 0, 0)\" class=\"has-inline-color has-very-dark-gray-color\">Waxing<\/span><\/li>\n\n\n\n<li><span style=\"background-color:rgba(0, 0, 0, 0)\" class=\"has-inline-color has-very-dark-gray-color\">Make Up<\/span><\/li>\n\n\n\n<li><span style=\"background-color:rgba(0, 0, 0, 0)\" class=\"has-inline-color has-very-dark-gray-color\">Manik\u00fcre<\/span><\/li>\n<\/ul>\n\n\n\n<h4 class=\"wp-block-heading\">Wir freuen uns auf Ihren Besuch \u2013 Vereinbaren Sie gerne einen Termin unter 04141\/62248!<\/h4>\n","protected":false},"excerpt":{"rendered":"<p>In unserer Kosmetikkabine helfen wir Ihnen gerne bei kleineren und gr\u00f6\u00dferen Hautproblemen. Genauso geh\u00f6ren Gesichts- und Dekollet\u00e9massagen zum Wohlf\u00fchlprogramm bei der 90-min\u00fctigen Kosmetikbehandlung dazu. Zu Ihrem pers\u00f6nlichen Anlass stimmen wir gerne Make Up und Manik\u00fcre aufeinander ab. Kosmetikbehandlung 90 Minuten Unsere weiteren Empfehlungen f\u00fcr Sie Wir freuen uns auf Ihren Besuch \u2013 Vereinbaren Sie gerne &hellip; <\/p>\n<p class=\"link-more\"><a href=\"http:\/\/hair-beauty-point.de\/wordpress\/services\/kosmetik\/\" class=\"more-link\">Read more<span class=\"screen-reader-text\"> &#8220;Kosmetik&#8221;<\/span><\/a><\/p>\n","protected":false},"author":3,"featured_media":0,"parent":116,"menu_order":0,"comment_status":"closed","ping_status":"closed","template":"","meta":{"footnotes":""},"_links":{"self":[{"href":"http:\/\/hair-beauty-point.de\/wordpress\/wp-json\/wp\/v2\/pages\/134"}],"collection":[{"href":"http:\/\/hair-beauty-point.de\/wordpress\/wp-json\/wp\/v2\/pages"}],"about":[{"href":"http:\/\/hair-beauty-point.de\/wordpress\/wp-json\/wp\/v2\/types\/page"}],"author":[{"embeddable":true,"href":"http:\/\/hair-beauty-point.de\/wordpress\/wp-json\/wp\/v2\/users\/3"}],"replies":[{"embeddable":true,"href":"http:\/\/hair-beauty-point.de\/wordpress\/wp-json\/wp\/v2\/comments?post=134"}],"version-history":[{"count":21,"href":"http:\/\/hair-beauty-point.de\/wordpress\/wp-json\/wp\/v2\/pages\/134\/revisions"}],"predecessor-version":[{"id":603,"href":"http:\/\/hair-beauty-point.de\/wordpress\/wp-json\/wp\/v2\/pages\/134\/revisions\/603"}],"up":[{"embeddable":true,"href":"http:\/\/hair-beauty-point.de\/wordpress\/wp-json\/wp\/v2\/pages\/116"}],"wp:attachment":[{"href":"http:\/\/hair-beauty-point.de\/wordpress\/wp-json\/wp\/v2\/media?parent=134"}],"curies":[{"name":"wp","href":"https:\/\/api.w.org\/{rel}","templated":true}]}}