{"id":132,"date":"2020-06-03T20:16:16","date_gmt":"2020-06-03T18:16:16","guid":{"rendered":"http:\/\/hair-beauty-point.de\/wordpress\/?page_id=132"},"modified":"2024-01-13T19:15:51","modified_gmt":"2024-01-13T18:15:51","slug":"friseur","status":"publish","type":"page","link":"http:\/\/hair-beauty-point.de\/wordpress\/services\/friseur\/","title":{"rendered":"Friseur"},"content":{"rendered":"\n<p><span style=\"background-color:rgba(0, 0, 0, 0)\" class=\"has-inline-color has-very-dark-gray-color\">Zu unserem Ziel geh\u00f6rt es Ihnen Ihren individuellen Wunsch zum Schnitt, Farbe, Volumen, Welle und Styling zu ber\u00fccksichtigen und ein typgerechtes Finish zu entwickeln. Es wird neben Kamm und Schere im Salon auch mit Faden und Wachs gearbeitet.<\/span><\/p>\n\n\n\n<p>Wir machen Ihre Traumfrisur.<\/p>\n\n\n\n<p><\/p>\n\n\n\n<p><strong>Damen<\/strong><\/p>\n\n\n\n<p>Trockenhaarschnitt<\/p>\n\n\n\n<p>Anfeuchten &#8211; Schneiden &#8211; Nachf\u00f6hnen<\/p>\n\n\n\n<p>Waschen &#8211; Schneiden &#8211; F\u00f6hnen<br><em>Waschen, schneiden, Festiger, f\u00f6hnen und Fixieren mit Haarspray<\/em><\/p>\n\n\n\n<p>Farbver\u00e4nderung &#8211; Ansatz f\u00e4rben<\/p>\n\n\n\n<p>Farbver\u00e4nderung &#8211; komplett<\/p>\n\n\n\n<p>Farbver\u00e4nderung &#8211; Str\u00e4hnchen<\/p>\n\n\n\n<p>Farbver\u00e4nderung &#8211; T\u00f6nung<\/p>\n\n\n\n<p>Ansatzstr\u00e4hnen Kamm<\/p>\n\n\n\n<p>Intensivt\u00f6nung<\/p>\n\n\n\n<p>Color Emulsion pro 10ml<\/p>\n\n\n\n<p>Haubenstr\u00e4hnen <\/p>\n\n\n\n<p>Dauerwelle <\/p>\n\n\n\n<p>Styling<br><em>F\u00f6hnen, Waschen, Festiger<\/em><\/p>\n\n\n\n<p><strong>Herren<\/strong><\/p>\n\n\n\n<p>Haarschnitt &#8211; Maschine oder Klassisch<\/p>\n\n\n\n<p>Waschen &#8211; Schneiden &#8211; F\u00f6hnen<\/p>\n\n\n\n<p>Farbver\u00e4nderung<br><em>Haare f\u00e4rben, waschen, schneiden und f\u00f6hnen<\/em><\/p>\n\n\n\n<p>Bart schneiden<\/p>\n\n\n\n<p>Seiten schneiden<\/p>\n\n\n\n<p>Schneiden ohne Deckhaar<\/p>\n\n\n\n<p><\/p>\n\n\n\n<p><strong>Zusatzdienstleistungen<\/strong><\/p>\n\n\n\n<p>Waschen<\/p>\n\n\n\n<p>Dauerwell-Vorbehandlung<\/p>\n\n\n\n<p>Sp\u00fclung<\/p>\n\n\n\n<p>Haar-Kur \/ Save &amp; Shine<\/p>\n\n\n\n<p>Spr\u00fchkur \/ Schaum<\/p>\n","protected":false},"excerpt":{"rendered":"<p>Zu unserem Ziel geh\u00f6rt es Ihnen Ihren individuellen Wunsch zum Schnitt, Farbe, Volumen, Welle und Styling zu ber\u00fccksichtigen und ein typgerechtes Finish zu entwickeln. Es wird neben Kamm und Schere im Salon auch mit Faden und Wachs gearbeitet. Wir machen Ihre Traumfrisur. Damen Trockenhaarschnitt Anfeuchten &#8211; Schneiden &#8211; Nachf\u00f6hnen Waschen &#8211; Schneiden &#8211; F\u00f6hnenWaschen, schneiden, &hellip; <\/p>\n<p class=\"link-more\"><a href=\"http:\/\/hair-beauty-point.de\/wordpress\/services\/friseur\/\" class=\"more-link\">Read more<span class=\"screen-reader-text\"> &#8220;Friseur&#8221;<\/span><\/a><\/p>\n","protected":false},"author":3,"featured_media":0,"parent":116,"menu_order":0,"comment_status":"closed","ping_status":"closed","template":"","meta":{"footnotes":""},"_links":{"self":[{"href":"http:\/\/hair-beauty-point.de\/wordpress\/wp-json\/wp\/v2\/pages\/132"}],"collection":[{"href":"http:\/\/hair-beauty-point.de\/wordpress\/wp-json\/wp\/v2\/pages"}],"about":[{"href":"http:\/\/hair-beauty-point.de\/wordpress\/wp-json\/wp\/v2\/types\/page"}],"author":[{"embeddable":true,"href":"http:\/\/hair-beauty-point.de\/wordpress\/wp-json\/wp\/v2\/users\/3"}],"replies":[{"embeddable":true,"href":"http:\/\/hair-beauty-point.de\/wordpress\/wp-json\/wp\/v2\/comments?post=132"}],"version-history":[{"count":17,"href":"http:\/\/hair-beauty-point.de\/wordpress\/wp-json\/wp\/v2\/pages\/132\/revisions"}],"predecessor-version":[{"id":606,"href":"http:\/\/hair-beauty-point.de\/wordpress\/wp-json\/wp\/v2\/pages\/132\/revisions\/606"}],"up":[{"embeddable":true,"href":"http:\/\/hair-beauty-point.de\/wordpress\/wp-json\/wp\/v2\/pages\/116"}],"wp:attachment":[{"href":"http:\/\/hair-beauty-point.de\/wordpress\/wp-json\/wp\/v2\/media?parent=132"}],"curies":[{"name":"wp","href":"https:\/\/api.w.org\/{rel}","templated":true}]}}