{"id":10,"date":"2020-01-19T10:05:23","date_gmt":"2020-01-19T09:05:23","guid":{"rendered":"http:\/\/hair-beauty-point.de\/wordpress\/?page_id=10"},"modified":"2024-01-31T22:35:36","modified_gmt":"2024-01-31T21:35:36","slug":"friseur-stade","status":"publish","type":"page","link":"http:\/\/hair-beauty-point.de\/wordpress\/","title":{"rendered":"Friseur, Kosmetik, Manik\u00fcre &amp; Fu\u00dfpflege in Stade"},"content":{"rendered":"\n<p class=\"has-text-align-center has-text-color has-link-color has-medium-font-size wp-elements-bb60988a5a3b70e0581056803400141a\" style=\"color:#ff30d2\"><span><em style=\"font-weight: bold;\">Sie k\u00f6nnen zeit sparen.<\/em><\/span><strong><span><em style=\"font-weight: bold;\"> <\/em><\/span><\/strong><strong><span><em style=\"font-weight: bold;\">I<\/em><\/span><em>hre Sch\u00f6nheit an einem Ort<\/em><\/strong><\/p>\n\n\n\n<div class=\"wp-block-columns is-layout-flex wp-container-core-columns-layout-1 wp-block-columns-is-layout-flex\">\n<div class=\"wp-block-column is-layout-flow wp-block-column-is-layout-flow\">\n<p><\/p>\n\n\n\n<p><span style=\"background-color:rgba(0, 0, 0, 0)\" class=\"has-inline-color has-black-color\">Wir k\u00fcmmern uns um Ihre <a href=\"http:\/\/hair-beauty-point.de\/wordpress\/services\/friseur\/\"><strong>Haare<\/strong><\/a>, egal ob eine Kurzhaarfrisur f\u00fcr M\u00e4nner, die Str\u00e4hnen f\u00fcr die Damen oder auch ein Kinderhaarschnitt &#8211; wir beraten Sie gerne! In unserem Salon k\u00f6nnen Sie sich richtig verw\u00f6hnen lassen &#8211; wie w\u00e4re es mit einer<a href=\"http:\/\/hair-beauty-point.de\/wordpress\/services\/kosmetik\/\"><strong> Kosmetikbehandlung<\/strong>?<\/a> Entspannen Sie sich bei einer Gesichtsbehandlung und genie\u00dfen Sie die Wohlf\u00fchlzeit. Wir bedienen Sie gerne von Kopf bis Fu\u00df, mit einer <a href=\"http:\/\/hair-beauty-point.de\/wordpress\/services\/fusspflege\/\"><strong>Fu\u00dfpflege<\/strong><\/a> k\u00f6nnen Sie Ihr Wohlf\u00fchlpaket bei uns abrunden.<\/span><\/p>\n\n\n\n<p><span style=\"background-color:rgba(0, 0, 0, 0)\" class=\"has-inline-color has-black-color\">Haben Sie einen besonderen Anlass? Auch das ist f\u00fcr uns kein Problem, Hochsteckfrisuren und Make-Up sind bei uns bis ins kleinste Detail geplant und lassen Sie strahlen. Bei uns ist nichts unm\u00f6glich &#8211; wir sind f\u00fcr Sie da und werden Ihre W\u00fcnsche mit Ihnen zusammen verwirklichen!<\/span><\/p>\n\n\n\n<p><strong><span class=\"has-inline-color has-black-color\">Wir freuen uns auf Ihren Besuch bei uns in unserem Friseursalon in Stade!<\/span><\/strong><\/p>\n\n\n\n<p><strong><span style=\"background-color:rgba(0, 0, 0, 0)\" class=\"has-inline-color has-black-color\">Wioletta Osiowa und Team<\/span><\/strong><\/p>\n\n\n\n<p><span style=\"background-color:rgba(0, 0, 0, 0)\" class=\"has-inline-color has-black-color\">&#8212;&#8212;&#8212;&#8212;&#8212;&#8212;&#8212;&#8212;&#8212;&#8212;&#8212;&#8212;&#8212;&#8212;&#8212;&#8211;<\/span><\/p>\n<\/div>\n\n\n\n<div class=\"wp-block-column is-layout-flow wp-block-column-is-layout-flow\">\n<p><strong><span class=\"has-inline-color has-very-dark-gray-color\">HIER FINDEN SIE UNS<\/span><\/strong><\/p>\n\n\n\n<p><span style=\"background-color:rgba(0, 0, 0, 0)\" class=\"has-inline-color has-very-dark-gray-color\">Hair &amp; Beauty POINT<br><\/span><span style=\"text-decoration: underline;\"><a href=\"https:\/\/goo.gl\/maps\/VcZYLBrjSVUxfBJB9\" target=\"_blank\" rel=\"noreferrer noopener\">Sachsenstra\u00dfe 46<br>21680 Stade<\/a><\/span><span style=\"background-color:rgba(0, 0, 0, 0)\" class=\"has-inline-color has-very-dark-gray-color\"><br>Telefon: <span style=\"text-decoration: underline;\">04141\/62248<\/span><\/span><\/p>\n\n\n\n<iframe src=\"https:\/\/www.google.com\/maps\/embed?pb=!1m18!1m12!1m3!1d2368.350177773908!2d9.477561315531341!3d53.587213164343524!2m3!1f0!2f0!3f0!3m2!1i1024!2i768!4f13.1!3m3!1m2!1s0x47b17b2e79728b9d%3A0xc0f4b6e7133a0cd4!2sHair%20%26%20Beauty%20POINT!5e0!3m2!1sde!2sde!4v1677584047112!5m2!1sde!2sde\" width=\"350\" height=\"200\" style=\"border:0;\" allowfullscreen=\"\" loading=\"lazy\" referrerpolicy=\"no-referrer-when-downgrade\"><\/iframe>\n\n\n\n<p class=\"has-pale-pink-color has-text-color has-link-color wp-elements-bb913721438f559e51e40c9ab14b6b5b\"><strong><span class=\"has-inline-color has-very-dark-gray-color\">\u00d6FFNUNGSZEITEN<\/span><\/strong><\/p>\n\n\n\n<p class=\"has-text-color has-link-color wp-elements-5228e67e3ca23991de2dd0532bdc428d\" style=\"color:#ff0088\">Montag \u2013 Freitag<span style=\"background-color:rgba(0, 0, 0, 0)\" class=\"has-inline-color has-black-color\">: <\/span>8.00-18.00<span style=\"background-color:rgba(0, 0, 0, 0)\" class=\"has-inline-color has-black-color\"><br><\/span>Samstag 8.00-14.00<\/p>\n\n\n\n<p><\/p>\n\n\n\n<p><span style=\"background-color:rgba(0, 0, 0, 0)\" class=\"has-inline-color has-black-color\">Eine telefonische<strong> Terminvergabe<\/strong>\u00a0unter 04141\/62248 \u2013 Sie d\u00fcrfen aber auch gerne spontan vorbeikommen! <\/span><\/p>\n\n\n\n<p><span style=\"background-color:rgba(0, 0, 0, 0)\" class=\"has-inline-color has-black-color\">Leider kommt es in letzter Zeit h\u00e4ufiger vor, dass Termine nicht abgesagt werden, daher m\u00fcssen wir diese leider mit einer Unkostenpauschale in Rechnung stellen.  <\/span><\/p>\n<\/div>\n<\/div>\n\n\n\n<figure class=\"wp-block-image size-large\"><a href=\"https:\/\/g.page\/r\/CdQMOhPntvTAEB0\/review\" target=\"_blank\" rel=\"noopener\"><img loading=\"lazy\" decoding=\"async\" width=\"1024\" height=\"107\" src=\"http:\/\/hair-beauty-point.de\/wordpress\/wp-content\/uploads\/2023\/02\/Design-ohne-Titel-1-1024x107.png\" alt=\"\" class=\"wp-image-515\" srcset=\"http:\/\/hair-beauty-point.de\/wordpress\/wp-content\/uploads\/2023\/02\/Design-ohne-Titel-1-1024x107.png 1024w, http:\/\/hair-beauty-point.de\/wordpress\/wp-content\/uploads\/2023\/02\/Design-ohne-Titel-1-300x31.png 300w, http:\/\/hair-beauty-point.de\/wordpress\/wp-content\/uploads\/2023\/02\/Design-ohne-Titel-1-768x80.png 768w, http:\/\/hair-beauty-point.de\/wordpress\/wp-content\/uploads\/2023\/02\/Design-ohne-Titel-1-1536x160.png 1536w, http:\/\/hair-beauty-point.de\/wordpress\/wp-content\/uploads\/2023\/02\/Design-ohne-Titel-1.png 1920w\" sizes=\"(max-width: 1024px) 100vw, 1024px\" \/><\/a><\/figure>\n","protected":false},"excerpt":{"rendered":"<p>Sie k\u00f6nnen zeit sparen. Ihre Sch\u00f6nheit an einem Ort Wir k\u00fcmmern uns um Ihre Haare, egal ob eine Kurzhaarfrisur f\u00fcr M\u00e4nner, die Str\u00e4hnen f\u00fcr die Damen oder auch ein Kinderhaarschnitt &#8211; wir beraten Sie gerne! In unserem Salon k\u00f6nnen Sie sich richtig verw\u00f6hnen lassen &#8211; wie w\u00e4re es mit einer Kosmetikbehandlung? Entspannen Sie sich bei &hellip; <\/p>\n<p class=\"link-more\"><a href=\"http:\/\/hair-beauty-point.de\/wordpress\/\" class=\"more-link\">Read more<span class=\"screen-reader-text\"> &#8220;Friseur, Kosmetik, Manik\u00fcre &amp; Fu\u00dfpflege in Stade&#8221;<\/span><\/a><\/p>\n","protected":false},"author":3,"featured_media":0,"parent":0,"menu_order":0,"comment_status":"closed","ping_status":"closed","template":"","meta":{"footnotes":""},"_links":{"self":[{"href":"http:\/\/hair-beauty-point.de\/wordpress\/wp-json\/wp\/v2\/pages\/10"}],"collection":[{"href":"http:\/\/hair-beauty-point.de\/wordpress\/wp-json\/wp\/v2\/pages"}],"about":[{"href":"http:\/\/hair-beauty-point.de\/wordpress\/wp-json\/wp\/v2\/types\/page"}],"author":[{"embeddable":true,"href":"http:\/\/hair-beauty-point.de\/wordpress\/wp-json\/wp\/v2\/users\/3"}],"replies":[{"embeddable":true,"href":"http:\/\/hair-beauty-point.de\/wordpress\/wp-json\/wp\/v2\/comments?post=10"}],"version-history":[{"count":93,"href":"http:\/\/hair-beauty-point.de\/wordpress\/wp-json\/wp\/v2\/pages\/10\/revisions"}],"predecessor-version":[{"id":608,"href":"http:\/\/hair-beauty-point.de\/wordpress\/wp-json\/wp\/v2\/pages\/10\/revisions\/608"}],"wp:attachment":[{"href":"http:\/\/hair-beauty-point.de\/wordpress\/wp-json\/wp\/v2\/media?parent=10"}],"curies":[{"name":"wp","href":"https:\/\/api.w.org\/{rel}","templated":true}]}}